{"id":1047,"date":"2025-05-31T09:39:01","date_gmt":"2025-05-31T07:39:01","guid":{"rendered":"https:\/\/polish-citizenship.eu\/index.php\/?page_id=1047"},"modified":"2025-05-31T10:08:25","modified_gmt":"2025-05-31T08:08:25","slug":"nachricht","status":"publish","type":"page","link":"https:\/\/polish-citizenship.eu\/index.php\/nachricht\/","title":{"rendered":"Nachricht"},"content":{"rendered":"\n<blockquote class=\"wp-block-quote has-background has-medium-font-size is-layout-flow wp-block-quote-is-layout-flow\" style=\"background-color:#ede8d4;padding-top:var(--wp--preset--spacing--10);padding-bottom:var(--wp--preset--spacing--10)\">\n<p class=\"has-text-align-center\"><em>Aufmerksamkeit!<\/em> Automatische \u00dcbersetzung.<\/p>\n<\/blockquote>\n\n\n\n<p><\/p>\n\n\n\n<p>Neuigkeiten zur polnischen Staatsb\u00fcrgerschaft<\/p>\n\n\n\n<div style=\"height:20px\" aria-hidden=\"true\" class=\"wp-block-spacer\"><\/div>\n\n\n<ul class=\"wp-block-latest-posts__list has-dates wp-block-latest-posts\"><li><a class=\"wp-block-latest-posts__post-title\" href=\"https:\/\/polish-citizenship.eu\/index.php\/erwerb-der-polnischen-staatsburgerschaft-nach-dem-oberschlesischen-ubereinkommen-von-1922\/\">Erwerb der polnischen Staatsb\u00fcrgerschaft nach dem Oberschlesischen \u00dcbereinkommen von 1922<\/a><time datetime=\"2026-04-22T14:34:00+02:00\" class=\"wp-block-latest-posts__post-date\">2026-04-22<\/time><div class=\"wp-block-latest-posts__post-full-content\"><!-- wp:paragraph -->\n<p>ACHTUNG \u2013 DIES IST EINE AUTOMATISCHE \u00dcBERSETZUNG AUS DEM Polnischen.<br><br>In Fragen der Best\u00e4tigung der polnischen Staatsb\u00fcrgerschaft ist das Oberschlesische \u00dcbereinkommen vom 15. Mai 1922 von zentraler Bedeutung. Teil II dieses \u00dcbereinkommens regelte die Auswirkungen des Souver\u00e4nit\u00e4tswechsels in Oberschlesien auf die Staatsb\u00fcrgerschaft und das Aufenthaltsrecht.<br>Gem\u00e4\u00df Artikel 25 \u00a7 1 des \u00dcbereinkommens erwarben deutsche Staatsb\u00fcrger, die sich zum Zeitpunkt des Souver\u00e4nit\u00e4tswechsels im polnischen Teil des Plebiszitgebiets aufhielten, automatisch die polnische Staatsb\u00fcrgerschaft und verloren damit die deutsche. Ma\u00dfgeblich war der tats\u00e4chliche \u201eAufenthalt\u201c, verstanden als Mittelpunkt des pers\u00f6nlichen und wirtschaftlichen Lebens. Personen, die sich erst nach dem 1. Januar 1908 in diesem Gebiet niederlie\u00dfen, konnten die Staatsb\u00fcrgerschaft nur mit individueller Genehmigung der polnischen Beh\u00f6rden erwerben.<br>Artikel 26 dehnte den Erwerb der Staatsb\u00fcrgerschaft auf Personen aus, die im polnischen Teil des Plebiszitgebiets geboren wurden, sofern ihre Eltern dort wohnten, in bestimmten F\u00e4llen sogar, wenn sie au\u00dferhalb dieses Gebiets lebten. Das \u00dcbereinkommen sah eine zweij\u00e4hrige Frist f\u00fcr die Aus\u00fcbung des Optionsrechts auf die deutsche oder polnische Staatsb\u00fcrgerschaft vor. Eine g\u00fcltige Option hatte auch Auswirkungen auf den Ehepartner und minderj\u00e4hrige Kinder.<\/p>\n<!-- \/wp:paragraph -->\n\n<!-- wp:paragraph -->\n<p>Die juristische Literatur \u2013 einschlie\u00dflich der Analysen von Ramus \u2013 betont, dass das Optionsrecht pers\u00f6nlicher Natur war und einen Mechanismus zum Schutz des Einzelnen im Falle von \u00c4nderungen der Staatsgrenzen darstellte.<br>Die Bestimmungen des zweiten Teils des \u00dcbereinkommens sind weiterhin relevant in Verfahren zur Best\u00e4tigung der polnischen Staatsb\u00fcrgerschaft durch Nachkommen von Personen, die 1922 in Oberschlesien lebten. Es ist entscheidend, Folgendes zu kl\u00e4ren:<\/p>\n<!-- \/wp:paragraph -->\n\n<!-- wp:list -->\n<ul class=\"wp-block-list\"><!-- wp:list-item -->\n<li>Wohnort und -datum zum Zeitpunkt des Souver\u00e4nit\u00e4tswechsels,<\/li>\n<!-- \/wp:list-item -->\n\n<!-- wp:list-item -->\n<li>m\u00f6gliche Aus\u00fcbung des Optionsrechts,<\/li>\n<!-- \/wp:list-item -->\n\n<!-- wp:list-item -->\n<li>Auswirkungen der Option auf die Familienangeh\u00f6rigen.<\/li>\n<!-- \/wp:list-item --><\/ul>\n<!-- \/wp:list -->\n\n<!-- wp:paragraph -->\n<p>Diese Fragen erfordern eine detaillierte Analyse des Archivmaterials und eine Rekonstruktion des historischen Rechtsstatus.<\/p>\n<!-- \/wp:paragraph --><\/div><\/li>\n<\/ul>\n\n\n<div style=\"height:30px\" aria-hidden=\"true\" class=\"wp-block-spacer\"><\/div>\n\n\n\n<hr class=\"wp-block-separator has-alpha-channel-opacity\"\/>\n\n\n<ul class=\"wp-block-latest-posts__list has-dates wp-block-latest-posts\"><li><a class=\"wp-block-latest-posts__post-title\" href=\"https:\/\/polish-citizenship.eu\/index.php\/erwerb-der-polnischen-staatsburgerschaft-nach-dem-oberschlesischen-ubereinkommen-von-1922\/\">Erwerb der polnischen Staatsb\u00fcrgerschaft nach dem Oberschlesischen \u00dcbereinkommen von 1922<\/a><time datetime=\"2026-04-22T14:34:00+02:00\" class=\"wp-block-latest-posts__post-date\">2026-04-22<\/time><\/li>\n<li><a class=\"wp-block-latest-posts__post-title\" href=\"https:\/\/polish-citizenship.eu\/index.php\/formale-mangel-im-antrag-auf-bestatigung-der-polnischen-staatsburgerschaft-urteil-des-obersten-verwaltungsgerichts-vom-21-august-2015-az-ii-osk-3115-14\/\">Formale M\u00e4ngel im Antrag auf Best\u00e4tigung der polnischen Staatsb\u00fcrgerschaft \u2013 Urteil des Obersten Verwaltungsgerichts vom 21. August 2015, Az. II OSK 3115\/14<\/a><time datetime=\"2026-03-12T14:46:36+01:00\" class=\"wp-block-latest-posts__post-date\">2026-03-12<\/time><\/li>\n<li><a class=\"wp-block-latest-posts__post-title\" href=\"https:\/\/polish-citizenship.eu\/index.php\/anderungen-bei-der-verleihung-der-staatsangehorigkeit\/\">\u00c4nderungen bei der Verleihung der Staatsangeh\u00f6rigkeit<\/a><time datetime=\"2026-02-23T16:36:13+01:00\" class=\"wp-block-latest-posts__post-date\">2026-02-23<\/time><\/li>\n<li><a class=\"wp-block-latest-posts__post-title\" href=\"https:\/\/polish-citizenship.eu\/index.php\/anderung-des-polnischen-staatsburgerschaftsgesetzes-neue-gebuhren-und-langere-fristen\/\">\u00c4nderung des polnischen Staatsb\u00fcrgerschaftsgesetzes \u2013 Neue Geb\u00fchren und l\u00e4ngere Fristen<\/a><time datetime=\"2026-01-22T13:19:55+01:00\" class=\"wp-block-latest-posts__post-date\">2026-01-22<\/time><\/li>\n<li><a class=\"wp-block-latest-posts__post-title\" href=\"https:\/\/polish-citizenship.eu\/index.php\/auswanderung-1913-aus-dem-ehemaligen-konigreich-polen-russische-teilung\/\">Auswanderung 1913 aus dem ehemaligen K\u00f6nigreich Polen (Russische Teilung)<\/a><time datetime=\"2025-12-12T12:08:38+01:00\" class=\"wp-block-latest-posts__post-date\">2025-12-12<\/time><\/li>\n<li><a class=\"wp-block-latest-posts__post-title\" href=\"https:\/\/polish-citizenship.eu\/index.php\/staatsangehorigkeit-verheirateter-frauen-im-zeitraum-vom-1-juli-1937-bis-zum-19-januar-1951\/\">Staatsangeh\u00f6rigkeit verheirateter Frauen im Zeitraum vom 1. Juli 1937 bis zum 19. Januar 1951<\/a><time datetime=\"2025-11-26T09:42:28+01:00\" class=\"wp-block-latest-posts__post-date\">2025-11-26<\/time><\/li>\n<li><a class=\"wp-block-latest-posts__post-title\" href=\"https:\/\/polish-citizenship.eu\/index.php\/ubereinkommenuberbestimmtefragenbetreffend-den-staatsangehorigkeitskonfliktsowie-das-protokolluberfalle-der-staatenlosigkeit-unterzeichnet-in-den-haag-am-12-april-1930\/\">\u00dcbereinkommen\u00fcberbestimmteFragenbetreffend den Staatsangeh\u00f6rigkeitskonfliktsowie das Protokoll\u00fcberF\u00e4lle der Staatenlosigkeit, unterzeichnet in Den Haag am 12. April 1930<\/a><time datetime=\"2025-10-17T18:13:36+02:00\" class=\"wp-block-latest-posts__post-date\">2025-10-17<\/time><\/li>\n<li><a class=\"wp-block-latest-posts__post-title\" href=\"https:\/\/polish-citizenship.eu\/index.php\/novellierung-des-gesetzesuber-die-polnischestaatsangehorigkeit-anderungen-ab-dem-1-juli-2025\/\">Novellierung des Gesetzes\u00fcber die polnischeStaatsangeh\u00f6rigkeit, \u00c4nderungen ab dem 1. Juli 2025.<\/a><time datetime=\"2025-09-24T19:59:08+02:00\" class=\"wp-block-latest-posts__post-date\">2025-09-24<\/time><\/li>\n<li><a class=\"wp-block-latest-posts__post-title\" href=\"https:\/\/polish-citizenship.eu\/index.php\/auswanderung-vor-1920\/\">Auswanderung vor 1920<\/a><time datetime=\"2025-08-25T13:36:32+02:00\" class=\"wp-block-latest-posts__post-date\">2025-08-25<\/time><\/li>\n<li><a class=\"wp-block-latest-posts__post-title\" href=\"https:\/\/polish-citizenship.eu\/index.php\/stempelgebuhren-bei-polnischen-staatsburgerschaftsantragen\/\">Stempelgeb\u00fchren bei polnischen Staatsb\u00fcrgerschaftsantr\u00e4gen<\/a><time datetime=\"2025-07-23T20:27:24+02:00\" class=\"wp-block-latest-posts__post-date\">2025-07-23<\/time><\/li>\n<li><a class=\"wp-block-latest-posts__post-title\" href=\"https:\/\/polish-citizenship.eu\/index.php\/ununterbrochener-aufenthalt-und-erlangung-der-polnischen-staatsburgerschaft\/\">Ununterbrochener Aufenthalt und Erlangung der polnischen Staatsb\u00fcrgerschaft<\/a><time datetime=\"2025-06-26T14:03:12+02:00\" class=\"wp-block-latest-posts__post-date\">2025-06-26<\/time><\/li>\n<li><a class=\"wp-block-latest-posts__post-title\" href=\"https:\/\/polish-citizenship.eu\/index.php\/ein-verkurzter-weg-zur-staatsburgerschaft-fur-menschen-polnischer-herkunft\/\">Ein verk\u00fcrzter Weg zur Staatsb\u00fcrgerschaft f\u00fcr Menschen polnischer Herkunft<\/a><time datetime=\"2025-05-29T15:03:40+02:00\" class=\"wp-block-latest-posts__post-date\">2025-05-29<\/time><\/li>\n<li><a class=\"wp-block-latest-posts__post-title\" href=\"https:\/\/polish-citizenship.eu\/index.php\/erwerb-der-polnischen-staatsburgerschaft-im-gebiet-des-ungarischen-teilungsgebiets\/\">Erwerb der polnischen Staatsb\u00fcrgerschaft im Gebiet des \u201eungarischen Teilungsgebiets\u201c<\/a><time datetime=\"2025-04-02T11:58:00+02:00\" class=\"wp-block-latest-posts__post-date\">2025-04-02<\/time><\/li>\n<li><a class=\"wp-block-latest-posts__post-title\" href=\"https:\/\/polish-citizenship.eu\/index.php\/polnische-staatsburgerschaft-auf-grundlage-von-dokumenten-aus-den-usa\/\">Polnische Staatsb\u00fcrgerschaft auf Grundlage von Dokumenten aus den USA<\/a><time datetime=\"2025-03-03T11:57:00+01:00\" class=\"wp-block-latest-posts__post-date\">2025-03-03<\/time><\/li>\n<li><a class=\"wp-block-latest-posts__post-title\" href=\"https:\/\/polish-citizenship.eu\/index.php\/ungarische-teilung\/\">Ungarische Teilung<\/a><time datetime=\"2025-02-03T11:56:00+01:00\" class=\"wp-block-latest-posts__post-date\">2025-02-03<\/time><\/li>\n<li><a class=\"wp-block-latest-posts__post-title\" href=\"https:\/\/polish-citizenship.eu\/index.php\/die-geburtsurkunde-des-urgrosvaters-fehlt\/\">Die Geburtsurkunde des Urgro\u00dfvaters fehlt<\/a><time datetime=\"2025-01-02T11:55:00+01:00\" class=\"wp-block-latest-posts__post-date\">2025-01-02<\/time><\/li>\n<li><a class=\"wp-block-latest-posts__post-title\" href=\"https:\/\/polish-citizenship.eu\/index.php\/kann-ein-kind-zweier-polen-als-polnischer-staatsburger-anerkannt-werden\/\">Kann ein Kind zweier Polen als polnischer Staatsb\u00fcrger anerkannt werden?<\/a><time datetime=\"2024-12-02T11:53:00+01:00\" class=\"wp-block-latest-posts__post-date\">2024-12-02<\/time><\/li>\n<li><a class=\"wp-block-latest-posts__post-title\" href=\"https:\/\/polish-citizenship.eu\/index.php\/heirat-nach-anerkennung-als-polnischer-staatsburger\/\">Heirat nach Anerkennung als polnischer Staatsb\u00fcrger<\/a><time datetime=\"2024-11-04T11:51:00+01:00\" class=\"wp-block-latest-posts__post-date\">2024-11-04<\/time><\/li>\n<li><a class=\"wp-block-latest-posts__post-title\" href=\"https:\/\/polish-citizenship.eu\/index.php\/bedingungen-fur-die-anerkennung-als-polnischer-staatsburger-nach-einer-strafrechtlichen-verurteilung\/\">Bedingungen f\u00fcr die Anerkennung als polnischer Staatsb\u00fcrger nach einer strafrechtlichen Verurteilung<\/a><time datetime=\"2024-10-01T11:49:00+02:00\" class=\"wp-block-latest-posts__post-date\">2024-10-01<\/time><\/li>\n<li><a class=\"wp-block-latest-posts__post-title\" href=\"https:\/\/polish-citizenship.eu\/index.php\/methoden-zur-abgabe-von-erklarungen-in-angelegenheiten-der-polnischen-staatsburgerschaft\/\">Methoden zur Abgabe von Erkl\u00e4rungen in Angelegenheiten der polnischen Staatsb\u00fcrgerschaft<\/a><time datetime=\"2024-09-02T11:48:00+02:00\" class=\"wp-block-latest-posts__post-date\">2024-09-02<\/time><\/li>\n<li><a class=\"wp-block-latest-posts__post-title\" href=\"https:\/\/polish-citizenship.eu\/index.php\/die-aufhebung-der-vaterschaftsanerkennung-wird-bei-der-feststellung-nicht-mehr-berucksichtigt-staatsburgerschaft-eines-minderjahrigen-ist-das-eine-wesentliche-anderung\/\">Die Aufhebung der Vaterschaftsanerkennung wird bei der Feststellung nicht mehr ber\u00fccksichtigt Staatsb\u00fcrgerschaft eines Minderj\u00e4hrigen \u2013 ist das eine wesentliche \u00c4nderung?<\/a><time datetime=\"2024-08-01T11:47:00+02:00\" class=\"wp-block-latest-posts__post-date\">2024-08-01<\/time><\/li>\n<li><a class=\"wp-block-latest-posts__post-title\" href=\"https:\/\/polish-citizenship.eu\/index.php\/dringende-mitteilung-in-angelegenheiten-im-zusammenhang-mit-der-polnischen-staatsburgerschaft\/\">Dringende Mitteilung in Angelegenheiten im Zusammenhang mit der polnischen Staatsb\u00fcrgerschaft<\/a><time datetime=\"2024-07-01T11:46:00+02:00\" class=\"wp-block-latest-posts__post-date\">2024-07-01<\/time><\/li>\n<li><a class=\"wp-block-latest-posts__post-title\" href=\"https:\/\/polish-citizenship.eu\/index.php\/eine-bedrohung-fur-die-verteidigung-oder-sicherheit-des-staates-oder-den-schutz-der-offentlichen-sicherheit-und-ordnung\/\">Eine Bedrohung f\u00fcr die Verteidigung oder Sicherheit des Staates oder den Schutz der \u00f6ffentlichen Sicherheit und Ordnung<\/a><time datetime=\"2024-06-03T11:45:00+02:00\" class=\"wp-block-latest-posts__post-date\">2024-06-03<\/time><\/li>\n<li><a class=\"wp-block-latest-posts__post-title\" href=\"https:\/\/polish-citizenship.eu\/index.php\/das-recht-auf-standigen-aufenthalt-und-die-anerkennung-als-polnischer-staatsburger\/\">Das Recht auf st\u00e4ndigen Aufenthalt und die Anerkennung als polnischer Staatsb\u00fcrger<\/a><time datetime=\"2024-05-02T11:43:00+02:00\" class=\"wp-block-latest-posts__post-date\">2024-05-02<\/time><\/li>\n<li><a class=\"wp-block-latest-posts__post-title\" href=\"https:\/\/polish-citizenship.eu\/index.php\/dekret-vom-22-oktober-1947\/\">Dekret vom 22. Oktober 1947 \u00fcber die Staatsb\u00fcrgerschaft des polnischen Staates f\u00fcr Personen polnischer Staatsangeh\u00f6rigkeit mit Wohnsitz auf dem Gebiet der ehemaligen Freien Stadt Danzig<\/a><time datetime=\"2024-04-01T11:37:00+02:00\" class=\"wp-block-latest-posts__post-date\">2024-04-01<\/time><\/li>\n<li><a class=\"wp-block-latest-posts__post-title\" href=\"https:\/\/polish-citizenship.eu\/index.php\/der-erfolg-der-anwaltskanzlei-bestatigung-der-staatsburgerschaft-von-vorfahren-die-vor-1920-aus-polen-ausgewandert-sind\/\">Der Erfolg der Anwaltskanzlei: Best\u00e4tigung der Staatsb\u00fcrgerschaft von Vorfahren, die vor 1920 aus Polen ausgewandert sind.<\/a><time datetime=\"2024-03-01T10:41:00+01:00\" class=\"wp-block-latest-posts__post-date\">2024-03-01<\/time><\/li>\n<li><a class=\"wp-block-latest-posts__post-title\" href=\"https:\/\/polish-citizenship.eu\/index.php\/aufenthalt-eines-langfristigen-eu-burgers\/\">Aufenthalt eines langfristigen EU-B\u00fcrgers.<\/a><time datetime=\"2024-02-01T10:39:00+01:00\" class=\"wp-block-latest-posts__post-date\">2024-02-01<\/time><\/li>\n<li><a class=\"wp-block-latest-posts__post-title\" href=\"https:\/\/polish-citizenship.eu\/index.php\/erfolg-im-verfahren-vor-dem-minister-der-weg-zur-bestatigung-der-staatsburgerschaft-steht-den-nachkommen-polnischer-staatsburger-die-vor-1933-geboren-wurden-offen\/\">Erfolg im Verfahren vor dem Minister \u2013 der Weg zur Best\u00e4tigung der Staatsb\u00fcrgerschaft steht den Nachkommen polnischer Staatsb\u00fcrger, die vor 1933 geboren wurden, offen<\/a><time datetime=\"2024-01-02T10:37:00+01:00\" class=\"wp-block-latest-posts__post-date\">2024-01-02<\/time><\/li>\n<li><a class=\"wp-block-latest-posts__post-title\" href=\"https:\/\/polish-citizenship.eu\/index.php\/feststellung-des-vaters-ein-jahr-nach-der-geburt\/\">Feststellung des Vaters ein Jahr nach der Geburt<\/a><time datetime=\"2023-12-01T10:35:00+01:00\" class=\"wp-block-latest-posts__post-date\">2023-12-01<\/time><\/li>\n<li><a class=\"wp-block-latest-posts__post-title\" href=\"https:\/\/polish-citizenship.eu\/index.php\/seit-wann-sind-entscheidungen-uber-die-polnische-staatsburgerschaft-rechtskraftig-erhebliche-anderungen-in-den-vorschriften\/\">Seit wann sind Entscheidungen \u00fcber die polnische Staatsb\u00fcrgerschaft rechtskr\u00e4ftig? \u2013 erhebliche \u00c4nderungen in den Vorschriften<\/a><time datetime=\"2023-11-02T10:34:00+01:00\" class=\"wp-block-latest-posts__post-date\">2023-11-02<\/time><\/li>\n<li><a class=\"wp-block-latest-posts__post-title\" href=\"https:\/\/polish-citizenship.eu\/index.php\/verlust-der-polnischen-staatsburgerschaft-durch-uneheliche-tochter\/\">Verlust der polnischen Staatsb\u00fcrgerschaft durch uneheliche T\u00f6chter<\/a><time datetime=\"2023-10-02T10:32:00+02:00\" class=\"wp-block-latest-posts__post-date\">2023-10-02<\/time><\/li>\n<li><a class=\"wp-block-latest-posts__post-title\" href=\"https:\/\/polish-citizenship.eu\/index.php\/ein-durchbruch-bei-verheirateten-tochtern-mit-doppelter-staatsburgerschaft-nach-dem-polnischen-staatsburgerschaftsgesetz-von-1920\/\">Ein Durchbruch bei verheirateten T\u00f6chtern mit doppelter Staatsb\u00fcrgerschaft nach dem polnischen Staatsb\u00fcrgerschaftsgesetz von 1920<\/a><time datetime=\"2023-09-01T10:28:00+02:00\" class=\"wp-block-latest-posts__post-date\">2023-09-01<\/time><\/li>\n<li><a class=\"wp-block-latest-posts__post-title\" href=\"https:\/\/polish-citizenship.eu\/index.php\/no-general-ban-on-dual-citizenship-under-the-act-on-polish-citizenship-from-1920-2\/\">No general ban on dual citizenship under the Act on Polish citizenship from 1920<\/a><time datetime=\"2023-08-01T10:27:00+02:00\" class=\"wp-block-latest-posts__post-date\">2023-08-01<\/time><\/li>\n<li><a class=\"wp-block-latest-posts__post-title\" href=\"https:\/\/polish-citizenship.eu\/index.php\/anerkennung-als-polnischer-staatsburger-mit-unbefristeter-aufenthaltserlaubnis\/\">Anerkennung als polnischer Staatsb\u00fcrger mit unbefristeter Aufenthaltserlaubnis<\/a><time datetime=\"2023-07-03T10:24:00+02:00\" class=\"wp-block-latest-posts__post-date\">2023-07-03<\/time><\/li>\n<li><a class=\"wp-block-latest-posts__post-title\" href=\"https:\/\/polish-citizenship.eu\/index.php\/dauerhafte-aufenthaltserlaubnis-bei-anerkennung-als-polnischer-staatsburger\/\">Dauerhafte Aufenthaltserlaubnis bei Anerkennung als polnischer Staatsb\u00fcrger<\/a><time datetime=\"2023-06-01T10:21:00+02:00\" class=\"wp-block-latest-posts__post-date\">2023-06-01<\/time><\/li>\n<li><a class=\"wp-block-latest-posts__post-title\" href=\"https:\/\/polish-citizenship.eu\/index.php\/bilaterale-abkommen-an-denen-polen-beteiligt-ist-und-die-die-verpflichtung-zur-legalisierung-von-dokumenten-abschaffen\/\">Bilaterale Abkommen, an denen Polen beteiligt ist und die die Verpflichtung zur Legalisierung von Dokumenten abschaffen<\/a><time datetime=\"2023-05-02T10:20:00+02:00\" class=\"wp-block-latest-posts__post-date\">2023-05-02<\/time><\/li>\n<li><a class=\"wp-block-latest-posts__post-title\" href=\"https:\/\/polish-citizenship.eu\/index.php\/lander-in-denen-das-erfordernis-der-beglaubigung-von-dokumenten-nicht-abgeschafft-wurde\/\">L\u00e4nder, in denen das Erfordernis der Beglaubigung von Dokumenten nicht abgeschafft wurde<\/a><time datetime=\"2023-04-03T10:16:00+02:00\" class=\"wp-block-latest-posts__post-date\">2023-04-03<\/time><\/li>\n<li><a class=\"wp-block-latest-posts__post-title\" href=\"https:\/\/polish-citizenship.eu\/index.php\/verordnung-eu-2016-1191-des-europaischen-parlaments-und-des-rates-vom-6-juli-2016\/\">Verordnung (EU) 2016\/1191 des Europ\u00e4ischen Parlaments und des Rates vom 6. Juli 2016<\/a><time datetime=\"2023-03-01T10:12:00+01:00\" class=\"wp-block-latest-posts__post-date\">2023-03-01<\/time><\/li>\n<li><a class=\"wp-block-latest-posts__post-title\" href=\"https:\/\/polish-citizenship.eu\/index.php\/alles-uber-apostille\/\">Alles \u00fcber Apostille<\/a><time datetime=\"2023-02-01T10:09:00+01:00\" class=\"wp-block-latest-posts__post-date\">2023-02-01<\/time><\/li>\n<li><a class=\"wp-block-latest-posts__post-title\" href=\"https:\/\/polish-citizenship.eu\/index.php\/das-schicksal-von-aufstandischen-und-nachkommen-von-burgern-der-ersten-republik-in-den-bestimmungen-des-vertrags-von-riga-von-1921\/\">Das Schicksal von Aufst\u00e4ndischen und Nachkommen von B\u00fcrgern der Ersten Republik in den Bestimmungen des Vertrags von Riga von 1921<\/a><time datetime=\"2023-01-02T10:05:00+01:00\" class=\"wp-block-latest-posts__post-date\">2023-01-02<\/time><\/li>\n<li><a class=\"wp-block-latest-posts__post-title\" href=\"https:\/\/polish-citizenship.eu\/index.php\/sie-konnen-einen-polnischen-pass-in-polen-oder-im-ausland-beantragen\/\">Sie k\u00f6nnen einen polnischen Pass in Polen oder im Ausland beantragen.<\/a><time datetime=\"2022-12-01T10:01:00+01:00\" class=\"wp-block-latest-posts__post-date\">2022-12-01<\/time><\/li>\n<li><a class=\"wp-block-latest-posts__post-title\" href=\"https:\/\/polish-citizenship.eu\/index.php\/das-archivsystem-in-polen\/\">Das Archivsystem in Polen<\/a><time datetime=\"2022-11-01T09:45:00+01:00\" class=\"wp-block-latest-posts__post-date\">2022-11-01<\/time><\/li>\n<li><a class=\"wp-block-latest-posts__post-title\" href=\"https:\/\/polish-citizenship.eu\/index.php\/staatsangehorigkeit-minderjahriger-ehetochter-und-das-urteil-des-oberverwaltungsgerichts-vom-27-april-2022-az-ii-osk-1648-19\/\">Staatsangeh\u00f6rigkeit minderj\u00e4hriger Ehet\u00f6chter und das Urteil des Oberverwaltungsgerichts vom 27. April 2022 (Az. II OSK 1648\/19)<\/a><time datetime=\"2022-10-03T09:42:00+02:00\" class=\"wp-block-latest-posts__post-date\">2022-10-03<\/time><\/li>\n<\/ul>","protected":false},"excerpt":{"rendered":"<p>Aufmerksamkeit! Automatische \u00dcbersetzung. Neuigkeiten zur polnischen Staatsb\u00fcrgerschaft<\/p>\n","protected":false},"author":1,"featured_media":0,"parent":0,"menu_order":0,"comment_status":"closed","ping_status":"closed","template":"wp-custom-template-strona-de","meta":{"footnotes":""},"class_list":["post-1047","page","type-page","status-publish","hentry"],"_links":{"self":[{"href":"https:\/\/polish-citizenship.eu\/index.php\/wp-json\/wp\/v2\/pages\/1047","targetHints":{"allow":["GET"]}}],"collection":[{"href":"https:\/\/polish-citizenship.eu\/index.php\/wp-json\/wp\/v2\/pages"}],"about":[{"href":"https:\/\/polish-citizenship.eu\/index.php\/wp-json\/wp\/v2\/types\/page"}],"author":[{"embeddable":true,"href":"https:\/\/polish-citizenship.eu\/index.php\/wp-json\/wp\/v2\/users\/1"}],"replies":[{"embeddable":true,"href":"https:\/\/polish-citizenship.eu\/index.php\/wp-json\/wp\/v2\/comments?post=1047"}],"version-history":[{"count":5,"href":"https:\/\/polish-citizenship.eu\/index.php\/wp-json\/wp\/v2\/pages\/1047\/revisions"}],"predecessor-version":[{"id":1062,"href":"https:\/\/polish-citizenship.eu\/index.php\/wp-json\/wp\/v2\/pages\/1047\/revisions\/1062"}],"wp:attachment":[{"href":"https:\/\/polish-citizenship.eu\/index.php\/wp-json\/wp\/v2\/media?parent=1047"}],"curies":[{"name":"wp","href":"https:\/\/api.w.org\/{rel}","templated":true}]}}