{"id":1126,"date":"2025-05-31T15:08:16","date_gmt":"2025-05-31T13:08:16","guid":{"rendered":"https:\/\/polish-citizenship.eu\/index.php\/?page_id=1126"},"modified":"2026-03-12T18:51:22","modified_gmt":"2026-03-12T17:51:22","slug":"ramka-news-de","status":"publish","type":"page","link":"https:\/\/polish-citizenship.eu\/index.php\/ramka-news-de\/","title":{"rendered":"ramka-news-DE"},"content":{"rendered":"\n<div style=\"height:6px\" aria-hidden=\"true\" class=\"wp-block-spacer\"><\/div>\n\n\n\n<h5 class=\"wp-block-heading has-text-align-center\">Nachrichten<\/h5>\n\n\n\n<ul class=\"wp-block-list is-style-checkmark-list\">\n<li>Formale M\u00e4ngel im Antrag auf Best\u00e4tigung der Staatsb\u00fcrgerschaft\u2013 mehr dazu\u2026<\/li>\n\n\n\n<li>\u00c4nderungen bei der Verleihung der Staatsangeh\u00f6rigkeit \u2013 mehr dazu\u2026<\/li>\n\n\n\n<li>\u00c4nderung des Gesetzes \u00fcber die polnische Staatsb\u00fcrgerschaft \u2013 mehr dazu\u2026<\/li>\n<\/ul>\n\n\n\n<div class=\"wp-block-buttons is-content-justification-center is-layout-flex wp-container-core-buttons-is-layout-a89b3969 wp-block-buttons-is-layout-flex\">\n<div class=\"wp-block-button is-style-fill\"><a class=\"wp-block-button__link has-small-font-size has-text-align-center has-custom-font-size wp-element-button\" href=\"https:\/\/polish-citizenship.eu\/nachricht\/\" style=\"padding-top:0;padding-bottom:0\" target=\"_top\" rel=\"noreferrer noopener\">mehr dazu<\/a><\/div>\n<\/div>\n\n\n\n<p><\/p>\n","protected":false},"excerpt":{"rendered":"<p>Nachrichten<\/p>\n","protected":false},"author":1,"featured_media":0,"parent":0,"menu_order":0,"comment_status":"closed","ping_status":"closed","template":"wp-custom-template-ramka-last-news","meta":{"footnotes":""},"class_list":["post-1126","page","type-page","status-publish","hentry"],"_links":{"self":[{"href":"https:\/\/polish-citizenship.eu\/index.php\/wp-json\/wp\/v2\/pages\/1126","targetHints":{"allow":["GET"]}}],"collection":[{"href":"https:\/\/polish-citizenship.eu\/index.php\/wp-json\/wp\/v2\/pages"}],"about":[{"href":"https:\/\/polish-citizenship.eu\/index.php\/wp-json\/wp\/v2\/types\/page"}],"author":[{"embeddable":true,"href":"https:\/\/polish-citizenship.eu\/index.php\/wp-json\/wp\/v2\/users\/1"}],"replies":[{"embeddable":true,"href":"https:\/\/polish-citizenship.eu\/index.php\/wp-json\/wp\/v2\/comments?post=1126"}],"version-history":[{"count":14,"href":"https:\/\/polish-citizenship.eu\/index.php\/wp-json\/wp\/v2\/pages\/1126\/revisions"}],"predecessor-version":[{"id":1497,"href":"https:\/\/polish-citizenship.eu\/index.php\/wp-json\/wp\/v2\/pages\/1126\/revisions\/1497"}],"wp:attachment":[{"href":"https:\/\/polish-citizenship.eu\/index.php\/wp-json\/wp\/v2\/media?parent=1126"}],"curies":[{"name":"wp","href":"https:\/\/api.w.org\/{rel}","templated":true}]}}