{"id":1143,"date":"2025-05-31T16:43:09","date_gmt":"2025-05-31T14:43:09","guid":{"rendered":"https:\/\/polish-citizenship.eu\/index.php\/?page_id=1143"},"modified":"2025-05-31T16:43:44","modified_gmt":"2025-05-31T14:43:44","slug":"kontakt-formular","status":"publish","type":"page","link":"https:\/\/polish-citizenship.eu\/index.php\/kontakt-formular\/","title":{"rendered":"Kontakt Formular"},"content":{"rendered":"\n<h3 class=\"wp-block-heading\" id=\"line1\">Online Rechtsberatung<\/h3>\n\n\n\n<p id=\"line1\">Der Rechtsleitfaden wurde von Rechtsanw\u00e4lten der Anwaltskanzlei Adwokat Piotr St\u0105czek erstellt. Die Kanzlei erm\u00f6glicht Ihnen die Inanspruchnahme juristischer Dienstleistungen in Form von Online-Rechtsberatung und Rechtsgutachten. Wenn Sie das untenstehende Formular ausf\u00fcllen und absenden, k\u00f6nnen wir Sie schnell kontaktieren. <\/p>\n\n\n<div class=\"wpforms-container wpforms-container-full wpforms-block wpforms-block-4376c0be-c02d-4695-a8ae-9e33d5901857 wpforms-render-modern\" id=\"wpforms-1136\"><form id=\"wpforms-form-1136\" class=\"wpforms-validate wpforms-form wpforms-ajax-form\" data-formid=\"1136\" method=\"post\" enctype=\"multipart\/form-data\" action=\"\/index.php\/wp-json\/wp\/v2\/pages\/1143\" data-token=\"15cb7b53075541b78f68a015ae91cf00\" data-token-time=\"1776509836\"><noscript class=\"wpforms-error-noscript\">Please enable JavaScript in your browser to complete this form.<\/noscript><div id=\"wpforms-error-noscript\" style=\"display: none;\">Please enable JavaScript in your browser to complete this form.<\/div><div class=\"wpforms-field-container\"><div id=\"wpforms-1136-field_1-container\" class=\"wpforms-field wpforms-field-name\" data-field-id=\"1\"><label class=\"wpforms-field-label\" for=\"wpforms-1136-field_1\">Vorname und Nachname:<\/label><input type=\"text\" id=\"wpforms-1136-field_1\" class=\"wpforms-field-medium\" name=\"wpforms[fields][1]\" aria-errormessage=\"wpforms-1136-field_1-error\" ><\/div><div id=\"wpforms-1136-field_2-container\" class=\"wpforms-field wpforms-field-email\" data-field-id=\"2\"><label class=\"wpforms-field-label\" for=\"wpforms-1136-field_2\">E-Mail-Adresse: <span class=\"wpforms-required-label\" aria-hidden=\"true\">*<\/span><\/label><input type=\"email\" id=\"wpforms-1136-field_2\" class=\"wpforms-field-medium wpforms-field-required\" name=\"wpforms[fields][2]\" spellcheck=\"false\" aria-errormessage=\"wpforms-1136-field_2-error\" required><\/div><div id=\"wpforms-1136-field_4-container\" class=\"wpforms-field wpforms-field-text\" data-field-id=\"4\"><label class=\"wpforms-field-label\" for=\"wpforms-1136-field_4\">Telefon<\/label><input type=\"text\" id=\"wpforms-1136-field_4\" class=\"wpforms-field-medium\" name=\"wpforms[fields][4]\" aria-errormessage=\"wpforms-1136-field_4-error\" ><\/div><div id=\"wpforms-1136-field_5-container\" class=\"wpforms-field wpforms-field-text\" data-field-id=\"5\"><label class=\"wpforms-field-label\" for=\"wpforms-1136-field_5\">Stadt<\/label><input type=\"text\" id=\"wpforms-1136-field_5\" class=\"wpforms-field-medium\" name=\"wpforms[fields][5]\" aria-errormessage=\"wpforms-1136-field_5-error\" ><\/div>\t\t<div id=\"wpforms-1136-field_6-container\"\n\t\t\tclass=\"wpforms-field wpforms-field-text\"\n\t\t\tdata-field-type=\"text\"\n\t\t\tdata-field-id=\"6\"\n\t\t\t>\n\t\t\t<label class=\"wpforms-field-label\" for=\"wpforms-1136-field_6\" >Vorname und Telefon<\/label>\n\t\t\t<input type=\"text\" id=\"wpforms-1136-field_6\" class=\"wpforms-field-medium\" name=\"wpforms[fields][6]\" >\n\t\t<\/div>\n\t\t<div id=\"wpforms-1136-field_3-container\" class=\"wpforms-field wpforms-field-textarea\" data-field-id=\"3\"><label class=\"wpforms-field-label\" for=\"wpforms-1136-field_3\">Botschaft: <span class=\"wpforms-required-label\" aria-hidden=\"true\">*<\/span><\/label><textarea id=\"wpforms-1136-field_3\" class=\"wpforms-field-medium wpforms-field-required\" name=\"wpforms[fields][3]\" aria-errormessage=\"wpforms-1136-field_3-error\" required><\/textarea><\/div><script>\n\t\t\t\t( function() {\n\t\t\t\t\tconst style = document.createElement( 'style' );\n\t\t\t\t\tstyle.appendChild( document.createTextNode( '#wpforms-1136-field_6-container { position: absolute !important; overflow: hidden !important; display: inline !important; height: 1px !important; width: 1px !important; z-index: -1000 !important; padding: 0 !important; } #wpforms-1136-field_6-container input { visibility: hidden; } #wpforms-conversational-form-page #wpforms-1136-field_6-container label { counter-increment: none; }' ) );\n\t\t\t\t\tdocument.head.appendChild( style );\n\t\t\t\t\tdocument.currentScript?.remove();\n\t\t\t\t} )();\n\t\t\t<\/script><\/div><!-- .wpforms-field-container --><div class=\"wpforms-recaptcha-container wpforms-is-hcaptcha\" ><div class=\"h-captcha\" data-sitekey=\"f4e24692-c55e-40d0-9f30-8c4a73680050\"><\/div><input type=\"text\" name=\"g-recaptcha-hidden\" class=\"wpforms-recaptcha-hidden\" style=\"position:absolute!important;clip:rect(0,0,0,0)!important;height:1px!important;width:1px!important;border:0!important;overflow:hidden!important;padding:0!important;margin:0!important;\" data-rule-hcaptcha=\"1\"><\/div><div class=\"wpforms-submit-container\" ><input type=\"hidden\" name=\"wpforms[id]\" value=\"1136\"><input type=\"hidden\" name=\"page_title\" value=\"\"><input type=\"hidden\" name=\"page_url\" value=\"https:\/\/polish-citizenship.eu\/index.php\/wp-json\/wp\/v2\/pages\/1143\"><input type=\"hidden\" name=\"url_referer\" value=\"\"><button type=\"submit\" name=\"wpforms[submit]\" id=\"wpforms-submit-1136\" class=\"wpforms-submit\" data-alt-text=\"Senden...\" data-submit-text=\"schicken\" aria-live=\"assertive\" value=\"wpforms-submit\">schicken<\/button><img loading=\"lazy\" decoding=\"async\" src=\"https:\/\/polish-citizenship.eu\/wp-content\/plugins\/wpforms-lite\/assets\/images\/submit-spin.svg\" class=\"wpforms-submit-spinner\" style=\"display: none;\" width=\"26\" height=\"26\" alt=\"Loading\"><\/div><\/form><\/div>  <!-- .wpforms-container -->","protected":false},"excerpt":{"rendered":"<p>Online Rechtsberatung Der Rechtsleitfaden wurde von Rechtsanw\u00e4lten der Anwaltskanzlei Adwokat Piotr St\u0105czek erstellt. Die Kanzlei erm\u00f6glicht Ihnen die Inanspruchnahme juristischer Dienstleistungen in Form von Online-Rechtsberatung und Rechtsgutachten. Wenn Sie das untenstehende Formular ausf\u00fcllen und absenden, k\u00f6nnen wir Sie schnell kontaktieren.<\/p>\n","protected":false},"author":1,"featured_media":0,"parent":0,"menu_order":0,"comment_status":"closed","ping_status":"closed","template":"wp-custom-template-strona-de","meta":{"footnotes":""},"class_list":["post-1143","page","type-page","status-publish","hentry"],"_links":{"self":[{"href":"https:\/\/polish-citizenship.eu\/index.php\/wp-json\/wp\/v2\/pages\/1143","targetHints":{"allow":["GET"]}}],"collection":[{"href":"https:\/\/polish-citizenship.eu\/index.php\/wp-json\/wp\/v2\/pages"}],"about":[{"href":"https:\/\/polish-citizenship.eu\/index.php\/wp-json\/wp\/v2\/types\/page"}],"author":[{"embeddable":true,"href":"https:\/\/polish-citizenship.eu\/index.php\/wp-json\/wp\/v2\/users\/1"}],"replies":[{"embeddable":true,"href":"https:\/\/polish-citizenship.eu\/index.php\/wp-json\/wp\/v2\/comments?post=1143"}],"version-history":[{"count":2,"href":"https:\/\/polish-citizenship.eu\/index.php\/wp-json\/wp\/v2\/pages\/1143\/revisions"}],"predecessor-version":[{"id":1145,"href":"https:\/\/polish-citizenship.eu\/index.php\/wp-json\/wp\/v2\/pages\/1143\/revisions\/1145"}],"wp:attachment":[{"href":"https:\/\/polish-citizenship.eu\/index.php\/wp-json\/wp\/v2\/media?parent=1143"}],"curies":[{"name":"wp","href":"https:\/\/api.w.org\/{rel}","templated":true}]}}